{"id":1368,"date":"2023-10-13T14:26:01","date_gmt":"2023-10-13T17:26:01","guid":{"rendered":"http:\/\/localhost:8085\/transuniao\/?page_id=1368"},"modified":"2024-12-24T14:49:21","modified_gmt":"2024-12-24T17:49:21","slug":"quem-somos","status":"publish","type":"page","link":"https:\/\/www.transuniao.com.br\/site\/quem-somos\/","title":{"rendered":"Quem Somos"},"content":{"rendered":"\t\t<div data-elementor-type=\"wp-page\" data-elementor-id=\"1368\" class=\"elementor elementor-1368\" data-elementor-settings=\"{&quot;ha_cmc_init_switcher&quot;:&quot;no&quot;}\" data-elementor-post-type=\"page\">\n\t\t\t\t<div class=\"elementor-element elementor-element-49fd38f e-flex e-con-boxed e-con e-parent\" data-id=\"49fd38f\" data-element_type=\"container\" data-settings=\"{&quot;_ha_eqh_enable&quot;:false}\">\n\t\t\t\t\t<div class=\"e-con-inner\">\n\t\t\t\t<div class=\"elementor-element elementor-element-54445df elementor-widget elementor-widget-heading\" data-id=\"54445df\" data-element_type=\"widget\" data-widget_type=\"heading.default\">\n\t\t\t\t<div class=\"elementor-widget-container\">\n\t\t\t\t\t<h3 class=\"elementor-heading-title elementor-size-default\">Quem somos<\/h3>\t\t\t\t<\/div>\n\t\t\t\t<\/div>\n\t\t\t\t\t<\/div>\n\t\t\t\t<\/div>\n\t\t<div class=\"elementor-element elementor-element-645fdf4 e-flex e-con-boxed e-con e-parent\" data-id=\"645fdf4\" data-element_type=\"container\" data-settings=\"{&quot;background_background&quot;:&quot;slideshow&quot;,&quot;background_slideshow_gallery&quot;:[{&quot;id&quot;:1543,&quot;url&quot;:&quot;https:\\\/\\\/www.transuniao.com.br\\\/site\\\/wp-content\\\/uploads\\\/2023\\\/10\\\/Transuniao-predio-adm-entrada-slider.jpg&quot;},{&quot;id&quot;:1944,&quot;url&quot;:&quot;https:\\\/\\\/www.transuniao.com.br\\\/site\\\/wp-content\\\/uploads\\\/2024\\\/04\\\/Transuniao-predio-adm-frente.jpg&quot;},{&quot;id&quot;:1542,&quot;url&quot;:&quot;https:\\\/\\\/www.transuniao.com.br\\\/site\\\/wp-content\\\/uploads\\\/2023\\\/10\\\/Transuniao-predio-adm-entrada.jpg&quot;},{&quot;id&quot;:1538,&quot;url&quot;:&quot;https:\\\/\\\/www.transuniao.com.br\\\/site\\\/wp-content\\\/uploads\\\/2023\\\/10\\\/Transuniao-predio-adm-2.jpg&quot;}],&quot;background_slideshow_ken_burns&quot;:&quot;yes&quot;,&quot;background_slideshow_lazyload&quot;:&quot;yes&quot;,&quot;background_slideshow_loop&quot;:&quot;yes&quot;,&quot;background_slideshow_slide_duration&quot;:5000,&quot;background_slideshow_slide_transition&quot;:&quot;fade&quot;,&quot;background_slideshow_transition_duration&quot;:500,&quot;background_slideshow_ken_burns_zoom_direction&quot;:&quot;in&quot;,&quot;_ha_eqh_enable&quot;:false}\">\n\t\t\t\t\t<div class=\"e-con-inner\">\n\t\t\t\t<div class=\"elementor-element elementor-element-77a4379 elementor-widget__width-initial animated-slow ha-has-bg-overlay elementor-invisible elementor-widget elementor-widget-text-editor\" data-id=\"77a4379\" data-element_type=\"widget\" data-settings=\"{&quot;_animation&quot;:&quot;fadeInLeft&quot;}\" data-widget_type=\"text-editor.default\">\n\t\t\t\t<div class=\"elementor-widget-container\">\n\t\t\t\t\t\t\t\t\t<p>Localizada extremo leste de S\u00e3o Paulo, precisamente na Rua Tib\u00farcio de Sousa, 2083 \u2013 Itaim Paulista, a Transuni\u00e3o Transportes S\/A atua no transporte coletivo urbano, atendendo diariamente os passageiros dos bairros da zona leste da cidade. A estrutura da empresa oferece 100% dos servi\u00e7os necess\u00e1rios ao sistema de trabalho, desde \u00e1rea administrativa at\u00e9 a manuten\u00e7\u00e3o dos ve\u00edculos, tudo distribu\u00eddo em um terreno de 17.524,59m2.<\/p><p>Assim se forma hoje a \u201cTransuni\u00e3o Transportes S\/A\u201d uma empresa de transporte urbano que busca atender as necessidades e expectativa da popula\u00e7\u00e3o da maior cidade do Brasil, visando sua satisfa\u00e7\u00e3o atrav\u00e9s das legisla\u00e7\u00f5es pertinentes, por meio de melhorias continua dos seus servi\u00e7os e processos de desenvolvimento do potencial dos seus acionistas e colaboradores.<\/p>\t\t\t\t\t\t\t\t<\/div>\n\t\t\t\t<\/div>\n\t\t\t\t\t<\/div>\n\t\t\t\t<\/div>\n\t\t<div class=\"elementor-element elementor-element-dd96b8c e-flex e-con-boxed e-con e-parent\" data-id=\"dd96b8c\" data-element_type=\"container\" data-settings=\"{&quot;background_background&quot;:&quot;slideshow&quot;,&quot;background_slideshow_gallery&quot;:[],&quot;background_slideshow_loop&quot;:&quot;yes&quot;,&quot;background_slideshow_slide_duration&quot;:5000,&quot;background_slideshow_slide_transition&quot;:&quot;fade&quot;,&quot;background_slideshow_transition_duration&quot;:500,&quot;_ha_eqh_enable&quot;:false}\">\n\t\t\t\t\t<div class=\"e-con-inner\">\n\t\t\t\t<div class=\"elementor-element elementor-element-1ae6ec2 elementor-invisible elementor-widget elementor-widget-heading\" data-id=\"1ae6ec2\" data-element_type=\"widget\" data-settings=\"{&quot;_animation&quot;:&quot;fadeInUp&quot;}\" data-widget_type=\"heading.default\">\n\t\t\t\t<div class=\"elementor-widget-container\">\n\t\t\t\t\t<h2 class=\"elementor-heading-title elementor-size-default\">NOSSA POL\u00cdTICA<\/h2>\t\t\t\t<\/div>\n\t\t\t\t<\/div>\n\t\t\t\t<div class=\"elementor-element elementor-element-7a71503 animated-slow elementor-invisible elementor-widget elementor-widget-image\" data-id=\"7a71503\" data-element_type=\"widget\" data-settings=\"{&quot;_animation&quot;:&quot;fadeInUp&quot;,&quot;_animation_delay&quot;:300}\" data-widget_type=\"image.default\">\n\t\t\t\t<div class=\"elementor-widget-container\">\n\t\t\t\t\t\t\t\t\t\t\t\t\t\t\t<img fetchpriority=\"high\" decoding=\"async\" width=\"1072\" height=\"745\" src=\"https:\/\/www.transuniao.com.br\/site\/wp-content\/uploads\/2024\/04\/Transuniao-politica-integrada-rev4.jpg\" class=\"attachment-full size-full wp-image-1976\" alt=\"\" srcset=\"https:\/\/www.transuniao.com.br\/site\/wp-content\/uploads\/2024\/04\/Transuniao-politica-integrada-rev4.jpg 1072w, https:\/\/www.transuniao.com.br\/site\/wp-content\/uploads\/2024\/04\/Transuniao-politica-integrada-rev4-300x208.jpg 300w, https:\/\/www.transuniao.com.br\/site\/wp-content\/uploads\/2024\/04\/Transuniao-politica-integrada-rev4-1024x712.jpg 1024w, https:\/\/www.transuniao.com.br\/site\/wp-content\/uploads\/2024\/04\/Transuniao-politica-integrada-rev4-768x534.jpg 768w\" sizes=\"(max-width: 1072px) 100vw, 1072px\" \/>\t\t\t\t\t\t\t\t\t\t\t\t\t\t\t<\/div>\n\t\t\t\t<\/div>\n\t\t\t\t<div class=\"elementor-element elementor-element-becc87f elementor-invisible elementor-widget elementor-widget-heading\" data-id=\"becc87f\" data-element_type=\"widget\" data-settings=\"{&quot;_animation&quot;:&quot;fadeInUp&quot;}\" data-widget_type=\"heading.default\">\n\t\t\t\t<div class=\"elementor-widget-container\">\n\t\t\t\t\t<h2 class=\"elementor-heading-title elementor-size-default\">NOSSA CULTURA<\/h2>\t\t\t\t<\/div>\n\t\t\t\t<\/div>\n\t\t\t\t\t<\/div>\n\t\t\t\t<\/div>\n\t\t<div class=\"elementor-element elementor-element-a0d72ff e-flex e-con-boxed e-con e-parent\" data-id=\"a0d72ff\" data-element_type=\"container\" data-settings=\"{&quot;_ha_eqh_enable&quot;:false}\">\n\t\t\t\t\t<div class=\"e-con-inner\">\n\t\t\t\t<div class=\"elementor-element elementor-element-44cc485 elementor-widget__width-initial elementor-view-default elementor-position-top elementor-mobile-position-top elementor-invisible elementor-widget elementor-widget-icon-box\" data-id=\"44cc485\" data-element_type=\"widget\" data-settings=\"{&quot;_animation&quot;:&quot;fadeInUp&quot;}\" data-widget_type=\"icon-box.default\">\n\t\t\t\t<div class=\"elementor-widget-container\">\n\t\t\t\t\t\t\t<div class=\"elementor-icon-box-wrapper\">\n\n\t\t\t\t\t\t<div class=\"elementor-icon-box-icon\">\n\t\t\t\t<span  class=\"elementor-icon\">\n\t\t\t\t<i aria-hidden=\"true\" class=\"fas fa-crosshairs\"><\/i>\t\t\t\t<\/span>\n\t\t\t<\/div>\n\t\t\t\n\t\t\t\t\t\t<div class=\"elementor-icon-box-content\">\n\n\t\t\t\t\t\t\t\t\t<h3 class=\"elementor-icon-box-title\">\n\t\t\t\t\t\t<span  >\n\t\t\t\t\t\t\tMiss\u00e3o\t\t\t\t\t\t<\/span>\n\t\t\t\t\t<\/h3>\n\t\t\t\t\n\t\t\t\t\t\t\t\t\t<p class=\"elementor-icon-box-description\">\n\t\t\t\t\t\tGarantir um servi\u00e7o de transporte que seja seguro, \u00e1gil e pontual para toda a popula\u00e7\u00e3o da Regi\u00e3o Leste de S\u00e3o Paulo.\t\t\t\t\t<\/p>\n\t\t\t\t\n\t\t\t<\/div>\n\t\t\t\n\t\t<\/div>\n\t\t\t\t\t\t<\/div>\n\t\t\t\t<\/div>\n\t\t\t\t<div class=\"elementor-element elementor-element-92e1cf6 elementor-widget__width-initial elementor-view-default elementor-position-top elementor-mobile-position-top elementor-invisible elementor-widget elementor-widget-icon-box\" data-id=\"92e1cf6\" data-element_type=\"widget\" data-settings=\"{&quot;_animation&quot;:&quot;fadeInUp&quot;,&quot;_animation_delay&quot;:500}\" data-widget_type=\"icon-box.default\">\n\t\t\t\t<div class=\"elementor-widget-container\">\n\t\t\t\t\t\t\t<div class=\"elementor-icon-box-wrapper\">\n\n\t\t\t\t\t\t<div class=\"elementor-icon-box-icon\">\n\t\t\t\t<span  class=\"elementor-icon\">\n\t\t\t\t<i aria-hidden=\"true\" class=\"fas fa-chart-line\"><\/i>\t\t\t\t<\/span>\n\t\t\t<\/div>\n\t\t\t\n\t\t\t\t\t\t<div class=\"elementor-icon-box-content\">\n\n\t\t\t\t\t\t\t\t\t<h3 class=\"elementor-icon-box-title\">\n\t\t\t\t\t\t<span  >\n\t\t\t\t\t\t\tVis\u00e3o\t\t\t\t\t\t<\/span>\n\t\t\t\t\t<\/h3>\n\t\t\t\t\n\t\t\t\t\t\t\t\t\t<p class=\"elementor-icon-box-description\">\n\t\t\t\t\t\tEstabelecer uma rela\u00e7\u00e3o de confian\u00e7a m\u00fatua com os usu\u00e1rios de transporte coletivo, visando suprir suas necessidades di\u00e1rias.\t\t\t\t\t<\/p>\n\t\t\t\t\n\t\t\t<\/div>\n\t\t\t\n\t\t<\/div>\n\t\t\t\t\t\t<\/div>\n\t\t\t\t<\/div>\n\t\t\t\t<div class=\"elementor-element elementor-element-3ccd99c elementor-widget__width-initial elementor-view-default elementor-position-top elementor-mobile-position-top elementor-invisible elementor-widget elementor-widget-icon-box\" data-id=\"3ccd99c\" data-element_type=\"widget\" data-settings=\"{&quot;_animation&quot;:&quot;fadeInUp&quot;,&quot;_animation_delay&quot;:1000}\" data-widget_type=\"icon-box.default\">\n\t\t\t\t<div class=\"elementor-widget-container\">\n\t\t\t\t\t\t\t<div class=\"elementor-icon-box-wrapper\">\n\n\t\t\t\t\t\t<div class=\"elementor-icon-box-icon\">\n\t\t\t\t<span  class=\"elementor-icon\">\n\t\t\t\t<i aria-hidden=\"true\" class=\"fas fa-handshake\"><\/i>\t\t\t\t<\/span>\n\t\t\t<\/div>\n\t\t\t\n\t\t\t\t\t\t<div class=\"elementor-icon-box-content\">\n\n\t\t\t\t\t\t\t\t\t<h3 class=\"elementor-icon-box-title\">\n\t\t\t\t\t\t<span  >\n\t\t\t\t\t\t\tValores\t\t\t\t\t\t<\/span>\n\t\t\t\t\t<\/h3>\n\t\t\t\t\n\t\t\t\t\t\t\t\t\t<p class=\"elementor-icon-box-description\">\n\t\t\t\t\t\t\u00c9tica, inova\u00e7\u00e3o, seriedade, compet\u00eancia, qualidade e seguran\u00e7a s\u00e3o os pilares da Transuni\u00e3o.\t\t\t\t\t<\/p>\n\t\t\t\t\n\t\t\t<\/div>\n\t\t\t\n\t\t<\/div>\n\t\t\t\t\t\t<\/div>\n\t\t\t\t<\/div>\n\t\t\t\t\t<\/div>\n\t\t\t\t<\/div>\n\t\t<div class=\"elementor-element elementor-element-a6e5d5f e-flex e-con-boxed e-con e-parent\" data-id=\"a6e5d5f\" data-element_type=\"container\" data-settings=\"{&quot;_ha_eqh_enable&quot;:false}\">\n\t\t\t\t\t<div class=\"e-con-inner\">\n\t\t\t\t<div class=\"elementor-element elementor-element-2fd1009 elementor-invisible elementor-widget elementor-widget-heading\" data-id=\"2fd1009\" data-element_type=\"widget\" data-settings=\"{&quot;_animation&quot;:&quot;fadeInUp&quot;}\" data-widget_type=\"heading.default\">\n\t\t\t\t<div class=\"elementor-widget-container\">\n\t\t\t\t\t<h2 class=\"elementor-heading-title elementor-size-default\">NOSSOS CERTIFICADOS<\/h2>\t\t\t\t<\/div>\n\t\t\t\t<\/div>\n\t\t\t\t<div class=\"elementor-element elementor-element-ec0ad39 gallery-spacing-custom ha-css-transform-yes elementor-widget elementor-widget-image-gallery\" data-id=\"ec0ad39\" data-element_type=\"widget\" data-widget_type=\"image-gallery.default\">\n\t\t\t\t<div class=\"elementor-widget-container\">\n\t\t\t\t\t\t\t<div class=\"elementor-image-gallery\">\n\t\t\t<div id='gallery-1' class='gallery galleryid-1368 gallery-columns-3 gallery-size-medium_large'><figure class='gallery-item'>\n\t\t\t<div class='gallery-icon portrait'>\n\t\t\t\t<a data-elementor-open-lightbox=\"yes\" data-elementor-lightbox-slideshow=\"ec0ad39\" data-e-action-hash=\"#elementor-action%3Aaction%3Dlightbox%26settings%3DeyJpZCI6MjM2NywidXJsIjoiaHR0cHM6XC9cL3d3dy50cmFuc3VuaWFvLmNvbS5iclwvc2l0ZVwvd3AtY29udGVudFwvdXBsb2Fkc1wvMjAyNFwvMTJcLzkwMDEucG5nIiwic2xpZGVzaG93IjoiZWMwYWQzOSJ9\" href='https:\/\/www.transuniao.com.br\/site\/wp-content\/uploads\/2024\/12\/9001.png'><img decoding=\"async\" width=\"720\" height=\"874\" src=\"https:\/\/www.transuniao.com.br\/site\/wp-content\/uploads\/2024\/12\/9001.png\" class=\"attachment-medium_large size-medium_large\" alt=\"\" srcset=\"https:\/\/www.transuniao.com.br\/site\/wp-content\/uploads\/2024\/12\/9001.png 720w, https:\/\/www.transuniao.com.br\/site\/wp-content\/uploads\/2024\/12\/9001-247x300.png 247w\" sizes=\"(max-width: 720px) 100vw, 720px\" \/><\/a>\n\t\t\t<\/div><\/figure><figure class='gallery-item'>\n\t\t\t<div class='gallery-icon portrait'>\n\t\t\t\t<a data-elementor-open-lightbox=\"yes\" data-elementor-lightbox-slideshow=\"ec0ad39\" data-e-action-hash=\"#elementor-action%3Aaction%3Dlightbox%26settings%3DeyJpZCI6MjM2OCwidXJsIjoiaHR0cHM6XC9cL3d3dy50cmFuc3VuaWFvLmNvbS5iclwvc2l0ZVwvd3AtY29udGVudFwvdXBsb2Fkc1wvMjAyNFwvMTJcLzE0MDAxLnBuZyIsInNsaWRlc2hvdyI6ImVjMGFkMzkifQ%3D%3D\" href='https:\/\/www.transuniao.com.br\/site\/wp-content\/uploads\/2024\/12\/14001.png'><img decoding=\"async\" width=\"717\" height=\"873\" src=\"https:\/\/www.transuniao.com.br\/site\/wp-content\/uploads\/2024\/12\/14001.png\" class=\"attachment-medium_large size-medium_large\" alt=\"\" srcset=\"https:\/\/www.transuniao.com.br\/site\/wp-content\/uploads\/2024\/12\/14001.png 717w, https:\/\/www.transuniao.com.br\/site\/wp-content\/uploads\/2024\/12\/14001-246x300.png 246w\" sizes=\"(max-width: 717px) 100vw, 717px\" \/><\/a>\n\t\t\t<\/div><\/figure><figure class='gallery-item'>\n\t\t\t<div class='gallery-icon portrait'>\n\t\t\t\t<a data-elementor-open-lightbox=\"yes\" data-elementor-lightbox-slideshow=\"ec0ad39\" data-e-action-hash=\"#elementor-action%3Aaction%3Dlightbox%26settings%3DeyJpZCI6MjM2OSwidXJsIjoiaHR0cHM6XC9cL3d3dy50cmFuc3VuaWFvLmNvbS5iclwvc2l0ZVwvd3AtY29udGVudFwvdXBsb2Fkc1wvMjAyNFwvMTJcLzM5MDAxLnBuZyIsInNsaWRlc2hvdyI6ImVjMGFkMzkifQ%3D%3D\" href='https:\/\/www.transuniao.com.br\/site\/wp-content\/uploads\/2024\/12\/39001.png'><img loading=\"lazy\" decoding=\"async\" width=\"718\" height=\"873\" src=\"https:\/\/www.transuniao.com.br\/site\/wp-content\/uploads\/2024\/12\/39001.png\" class=\"attachment-medium_large size-medium_large\" alt=\"\" srcset=\"https:\/\/www.transuniao.com.br\/site\/wp-content\/uploads\/2024\/12\/39001.png 718w, https:\/\/www.transuniao.com.br\/site\/wp-content\/uploads\/2024\/12\/39001-247x300.png 247w\" sizes=\"(max-width: 718px) 100vw, 718px\" \/><\/a>\n\t\t\t<\/div><\/figure>\n\t\t<\/div>\n\t\t<\/div>\n\t\t\t\t\t\t<\/div>\n\t\t\t\t<\/div>\n\t\t\t\t\t<\/div>\n\t\t\t\t<\/div>\n\t\t\t\t<\/div>\n\t\t","protected":false},"excerpt":{"rendered":"<p>Quem somos Localizada extremo leste de S\u00e3o Paulo, precisamente na Rua Tib\u00farcio de Sousa, 2083 \u2013 Itaim Paulista, a Transuni\u00e3o Transportes S\/A atua no transporte coletivo urbano, atendendo diariamente os passageiros dos bairros da zona leste da cidade. A estrutura da empresa oferece 100% dos servi\u00e7os necess\u00e1rios ao sistema de trabalho, desde \u00e1rea administrativa at\u00e9 [&hellip;]<\/p>\n","protected":false},"author":1,"featured_media":0,"parent":0,"menu_order":0,"comment_status":"closed","ping_status":"closed","template":"","meta":{"footnotes":""},"class_list":["post-1368","page","type-page","status-publish","hentry"],"_links":{"self":[{"href":"https:\/\/www.transuniao.com.br\/site\/wp-json\/wp\/v2\/pages\/1368","targetHints":{"allow":["GET"]}}],"collection":[{"href":"https:\/\/www.transuniao.com.br\/site\/wp-json\/wp\/v2\/pages"}],"about":[{"href":"https:\/\/www.transuniao.com.br\/site\/wp-json\/wp\/v2\/types\/page"}],"author":[{"embeddable":true,"href":"https:\/\/www.transuniao.com.br\/site\/wp-json\/wp\/v2\/users\/1"}],"replies":[{"embeddable":true,"href":"https:\/\/www.transuniao.com.br\/site\/wp-json\/wp\/v2\/comments?post=1368"}],"version-history":[{"count":61,"href":"https:\/\/www.transuniao.com.br\/site\/wp-json\/wp\/v2\/pages\/1368\/revisions"}],"predecessor-version":[{"id":2372,"href":"https:\/\/www.transuniao.com.br\/site\/wp-json\/wp\/v2\/pages\/1368\/revisions\/2372"}],"wp:attachment":[{"href":"https:\/\/www.transuniao.com.br\/site\/wp-json\/wp\/v2\/media?parent=1368"}],"curies":[{"name":"wp","href":"https:\/\/api.w.org\/{rel}","templated":true}]}}